{"id":572,"date":"2025-01-21T15:28:00","date_gmt":"2025-01-21T15:28:00","guid":{"rendered":"https:\/\/agbiofusion.com\/?page_id=572"},"modified":"2025-01-31T16:13:36","modified_gmt":"2025-01-31T16:13:36","slug":"cn-10","status":"publish","type":"page","link":"https:\/\/agbiofusion.com\/index.php\/cn-10\/","title":{"rendered":"CN 10"},"content":{"rendered":"<p>[et_pb_section fb_built=&#8221;1&#8243; _builder_version=&#8221;4.27.4&#8243; _module_preset=&#8221;default&#8221; background_image=&#8221;https:\/\/agbiofusion.com\/wp-content\/uploads\/2024\/12\/Fondoproductos1.png&#8221; background_position=&#8221;bottom_center&#8221; custom_padding=&#8221;10px||7px|||&#8221; locked=&#8221;off&#8221; global_colors_info=&#8221;{}&#8221;][et_pb_row _builder_version=&#8221;4.27.4&#8243; _module_preset=&#8221;default&#8221; custom_padding=&#8221;15px||18px|||&#8221; global_colors_info=&#8221;{}&#8221;][et_pb_column type=&#8221;4_4&#8243; _builder_version=&#8221;4.27.4&#8243; _module_preset=&#8221;default&#8221; global_colors_info=&#8221;{}&#8221;][et_pb_image src=&#8221;https:\/\/agbiofusion.com\/wp-content\/uploads\/2025\/01\/Logo_CN-10-NEGRO.png&#8221; align=&#8221;center&#8221; _builder_version=&#8221;4.27.4&#8243; _module_preset=&#8221;default&#8221; width=&#8221;32%&#8221; width_tablet=&#8221;32%&#8221; width_phone=&#8221;100%&#8221; width_last_edited=&#8221;on|phone&#8221; animation_style=&#8221;fade&#8221; global_colors_info=&#8221;{}&#8221;][\/et_pb_image][\/et_pb_column][\/et_pb_row][\/et_pb_section][et_pb_section fb_built=&#8221;1&#8243; _builder_version=&#8221;4.27.4&#8243; _module_preset=&#8221;default&#8221; use_background_color_gradient=&#8221;on&#8221; background_color_gradient_direction=&#8221;90deg&#8221; background_color_gradient_stops=&#8221;rgba(255,255,255,0) 50%|#ed8610 50%&#8221; background_color_gradient_overlays_image=&#8221;on&#8221; background_image=&#8221;https:\/\/agbiofusion.com\/wp-content\/uploads\/2024\/12\/Fondoproductos2.png&#8221; background_position=&#8221;top_center&#8221; custom_padding=&#8221;16px||13px|||&#8221; background_last_edited=&#8221;on|phone&#8221; use_background_color_gradient_phone=&#8221;on&#8221; background_color_gradient_direction_phone=&#8221;180deg&#8221; background_color_gradient_stops_phone=&#8221;rgba(255,255,255,0) 34%|#437a38 34%&#8221; locked=&#8221;off&#8221; global_colors_info=&#8221;{}&#8221;][et_pb_row column_structure=&#8221;1_2,1_2&#8243; _builder_version=&#8221;4.27.4&#8243; _module_preset=&#8221;default&#8221; width=&#8221;100%&#8221; width_tablet=&#8221;100%&#8221; width_phone=&#8221;80%&#8221; width_last_edited=&#8221;on|phone&#8221; max_width=&#8221;1400px&#8221; max_width_tablet=&#8221;1400px&#8221; max_width_phone=&#8221;1080%&#8221; max_width_last_edited=&#8221;on|phone&#8221; global_colors_info=&#8221;{}&#8221;][et_pb_column type=&#8221;1_2&#8243; _builder_version=&#8221;4.27.4&#8243; _module_preset=&#8221;default&#8221; global_colors_info=&#8221;{}&#8221;][et_pb_image src=&#8221;https:\/\/agbiofusion.com\/wp-content\/uploads\/2024\/12\/foto-c10.png&#8221; _builder_version=&#8221;4.27.4&#8243; _module_preset=&#8221;default&#8221; background_enable_image=&#8221;off&#8221; width=&#8221;65%&#8221; width_tablet=&#8221;85%&#8221; width_phone=&#8221;100%&#8221; width_last_edited=&#8221;on|phone&#8221; module_alignment=&#8221;center&#8221; custom_margin=&#8221;||15px|||&#8221; animation_style=&#8221;fold&#8221; global_colors_info=&#8221;{}&#8221;][\/et_pb_image][et_pb_text _builder_version=&#8221;4.27.4&#8243; _module_preset=&#8221;default&#8221; text_font=&#8221;|700|||||||&#8221; text_text_color=&#8221;#FFFFFF&#8221; text_font_size=&#8221;22px&#8221; header_font_size=&#8221;38px&#8221; background_color=&#8221;#ed8610&#8243; text_orientation=&#8221;center&#8221; width=&#8221;52%&#8221; width_tablet=&#8221;52%&#8221; width_phone=&#8221;100%&#8221; width_last_edited=&#8221;on|phone&#8221; module_alignment=&#8221;center&#8221; custom_padding=&#8221;10px||12px||false|false&#8221; text_text_shadow_style=&#8221;preset1&#8243; text_text_shadow_color=&#8221;rgba(0,0,0,0.78)&#8221; border_radii=&#8221;on|142px|142px|142px|142px&#8221; locked=&#8221;off&#8221; global_colors_info=&#8221;{}&#8221;]<\/p>\n<p>CARB\u00d3N L\u00cdQUIDO<\/p>\n<p>[\/et_pb_text][\/et_pb_column][et_pb_column type=&#8221;1_2&#8243; _builder_version=&#8221;4.27.4&#8243; _module_preset=&#8221;default&#8221; global_colors_info=&#8221;{}&#8221;][et_pb_text _builder_version=&#8221;4.27.4&#8243; _module_preset=&#8221;default&#8221; text_font=&#8221;Lato||on||||||&#8221; text_text_color=&#8221;#FFFFFF&#8221; text_font_size=&#8221;24px&#8221; text_line_height=&#8221;1.2em&#8221; width=&#8221;88%&#8221; custom_padding=&#8221;40px|||||&#8221; global_colors_info=&#8221;{}&#8221;]<\/p>\n<p><span style=\"font-weight: 400;\">CN-10 es un producto innovador en la gesti\u00f3n de nutrientes del suelo, con una capacidad \u00fanica para solubilizar completamente el componente de Humina de las Sustancias H\u00famicas, que incluyen H\u00famico, F\u00falvico y Humina. <\/span><\/p>\n<p><span style=\"font-weight: 400;\">Destaca por sus altas capacidades de Intercambio Cati\u00f3nico y Ani\u00f3nico, superando significativamente a los nutrientes t\u00edpicos del suelo. Este producto es particularmente eficaz en la uni\u00f3n con una amplia gama de nutrientes, mejorando la retenci\u00f3n del suelo y reduciendo la p\u00e9rdida de nutrientes. <\/span><\/p>\n<p><span style=\"font-weight: 400;\">El proceso de extracci\u00f3n de CN-10 no s\u00f3lo mejora la penetraci\u00f3n en el suelo, sino que tambi\u00e9n estabiliza nutrientes como el nitr\u00f3geno durante periodos prolongados, optimizando as\u00ed la utilizaci\u00f3n de nutrientes y minimizando el impacto medioambiental. CN-10 representa un avance significativo en las pr\u00e1cticas agr\u00edcolas sostenibles.<\/span><\/p>\n<p>[\/et_pb_text][\/et_pb_column][\/et_pb_row][\/et_pb_section][et_pb_section fb_built=&#8221;1&#8243; _builder_version=&#8221;4.27.4&#8243; _module_preset=&#8221;default&#8221; background_image=&#8221;https:\/\/agbiofusion.com\/wp-content\/uploads\/2024\/12\/FONDO-BENEFICIOS.png&#8221; background_size=&#8221;custom&#8221; background_image_width=&#8221;102%&#8221; background_image_height=&#8221;100%&#8221; background_position=&#8221;top_center&#8221; custom_margin=&#8221;23px|||||&#8221; custom_padding=&#8221;||20px|||&#8221; locked=&#8221;off&#8221; global_colors_info=&#8221;{}&#8221;][et_pb_row _builder_version=&#8221;4.27.4&#8243; _module_preset=&#8221;default&#8221; global_colors_info=&#8221;{}&#8221;][et_pb_column type=&#8221;4_4&#8243; _builder_version=&#8221;4.27.4&#8243; _module_preset=&#8221;default&#8221; global_colors_info=&#8221;{}&#8221;][et_pb_text _builder_version=&#8221;4.27.4&#8243; _module_preset=&#8221;default&#8221; text_text_color=&#8221;#FFFFFF&#8221; text_font_size=&#8221;22px&#8221; text_line_height=&#8221;1.2em&#8221; text_orientation=&#8221;center&#8221; width=&#8221;76%&#8221; width_tablet=&#8221;76%&#8221; width_phone=&#8221;100%&#8221; width_last_edited=&#8221;on|phone&#8221; max_width=&#8221;1400%&#8221; module_alignment=&#8221;center&#8221; custom_margin=&#8221;||50px|||&#8221; animation_style=&#8221;fade&#8221; text_text_shadow_style=&#8221;preset1&#8243; text_text_shadow_color=&#8221;rgba(0,0,0,0.84)&#8221; locked=&#8221;off&#8221; global_colors_info=&#8221;{}&#8221;]<\/p>\n<p>Mejora la retenci\u00f3n de nutrientes y estabiliza el nitr\u00f3geno a largo plazo. Optimiza la disponibilidad de macro y micronutrientes esenciales. Contribuye a la estabilidad y productividad del suelo gracias a sus propiedades fisicoqu\u00edmicas avanzadas.<\/p>\n<p>[\/et_pb_text][\/et_pb_column][\/et_pb_row][\/et_pb_section][et_pb_section fb_built=&#8221;1&#8243; _builder_version=&#8221;4.27.4&#8243; _module_preset=&#8221;default&#8221; custom_padding=&#8221;32px|||||&#8221; locked=&#8221;off&#8221; global_colors_info=&#8221;{}&#8221;][et_pb_row _builder_version=&#8221;4.27.4&#8243; _module_preset=&#8221;default&#8221; global_colors_info=&#8221;{}&#8221;][et_pb_column type=&#8221;4_4&#8243; _builder_version=&#8221;4.27.4&#8243; _module_preset=&#8221;default&#8221; global_colors_info=&#8221;{}&#8221;][et_pb_text _builder_version=&#8221;4.27.4&#8243; _module_preset=&#8221;default&#8221; text_font=&#8221;|700|||||||&#8221; text_text_color=&#8221;#1e1e1e&#8221; text_font_size=&#8221;22px&#8221; text_line_height=&#8221;1.2em&#8221; text_orientation=&#8221;center&#8221; width=&#8221;76%&#8221; max_width=&#8221;1400%&#8221; module_alignment=&#8221;center&#8221; locked=&#8221;off&#8221; global_colors_info=&#8221;{}&#8221;]<\/p>\n<p>DESCARGA TODA LA INFORMACI\u00d3N AQU\u00cd<\/p>\n<p>[\/et_pb_text][et_pb_button button_text=&#8221;Descargar PDF&#8221; button_alignment=&#8221;center&#8221; _builder_version=&#8221;4.27.4&#8243; _module_preset=&#8221;default&#8221; custom_button=&#8221;on&#8221; button_text_color=&#8221;#FFFFFF&#8221; button_bg_color=&#8221;#1375ea&#8221; button_border_width=&#8221;0px&#8221; button_border_radius=&#8221;49px&#8221; button_font=&#8221;Montserrat||on||||||&#8221; animation_style=&#8221;slide&#8221; hover_enabled=&#8221;0&#8243; locked=&#8221;off&#8221; global_colors_info=&#8221;{}&#8221; button_url=&#8221;https:\/\/agbiofusion.com\/wp-content\/uploads\/2025\/01\/Folleto-CN-10-Espanol-2023.pdf&#8221; sticky_enabled=&#8221;0&#8243;][\/et_pb_button][\/et_pb_column][\/et_pb_row][\/et_pb_section]<\/p>\n","protected":false},"excerpt":{"rendered":"<p>CARB\u00d3N L\u00cdQUIDOCN-10 es un producto innovador en la gesti\u00f3n de nutrientes del suelo, con una capacidad \u00fanica para solubilizar completamente el componente de Humina de las Sustancias H\u00famicas, que incluyen H\u00famico, F\u00falvico y Humina. Destaca por sus altas capacidades de Intercambio Cati\u00f3nico y Ani\u00f3nico, superando significativamente a los nutrientes t\u00edpicos del suelo. Este producto es [&hellip;]<\/p>\n","protected":false},"author":2,"featured_media":0,"parent":0,"menu_order":0,"comment_status":"closed","ping_status":"closed","template":"","meta":{"_et_pb_use_builder":"on","_et_pb_old_content":"","_et_gb_content_width":"","footnotes":""},"class_list":["post-572","page","type-page","status-publish","hentry"],"_links":{"self":[{"href":"https:\/\/agbiofusion.com\/index.php\/wp-json\/wp\/v2\/pages\/572","targetHints":{"allow":["GET"]}}],"collection":[{"href":"https:\/\/agbiofusion.com\/index.php\/wp-json\/wp\/v2\/pages"}],"about":[{"href":"https:\/\/agbiofusion.com\/index.php\/wp-json\/wp\/v2\/types\/page"}],"author":[{"embeddable":true,"href":"https:\/\/agbiofusion.com\/index.php\/wp-json\/wp\/v2\/users\/2"}],"replies":[{"embeddable":true,"href":"https:\/\/agbiofusion.com\/index.php\/wp-json\/wp\/v2\/comments?post=572"}],"version-history":[{"count":8,"href":"https:\/\/agbiofusion.com\/index.php\/wp-json\/wp\/v2\/pages\/572\/revisions"}],"predecessor-version":[{"id":792,"href":"https:\/\/agbiofusion.com\/index.php\/wp-json\/wp\/v2\/pages\/572\/revisions\/792"}],"wp:attachment":[{"href":"https:\/\/agbiofusion.com\/index.php\/wp-json\/wp\/v2\/media?parent=572"}],"curies":[{"name":"wp","href":"https:\/\/api.w.org\/{rel}","templated":true}]}}