{"id":511,"date":"2025-01-20T19:18:18","date_gmt":"2025-01-20T19:18:18","guid":{"rendered":"https:\/\/agbiofusion.com\/?page_id=511"},"modified":"2025-02-06T18:03:01","modified_gmt":"2025-02-06T18:03:01","slug":"root-fusion","status":"publish","type":"page","link":"https:\/\/agbiofusion.com\/index.php\/root-fusion\/","title":{"rendered":"Root Fusion"},"content":{"rendered":"<p>[et_pb_section fb_built=&#8221;1&#8243; _builder_version=&#8221;4.27.4&#8243; _module_preset=&#8221;default&#8221; background_image=&#8221;https:\/\/agbiofusion.com\/wp-content\/uploads\/2024\/12\/Fondoproductos1.png&#8221; background_position=&#8221;bottom_center&#8221; custom_padding=&#8221;10px||7px|||&#8221; locked=&#8221;off&#8221; global_colors_info=&#8221;{}&#8221;][et_pb_row _builder_version=&#8221;4.27.4&#8243; _module_preset=&#8221;default&#8221; custom_padding=&#8221;15px||18px|||&#8221; global_colors_info=&#8221;{}&#8221;][et_pb_column type=&#8221;4_4&#8243; _builder_version=&#8221;4.27.4&#8243; _module_preset=&#8221;default&#8221; global_colors_info=&#8221;{}&#8221;][et_pb_image src=&#8221;https:\/\/agbiofusion.com\/wp-content\/uploads\/2025\/01\/Logo-Root.png&#8221; align=&#8221;center&#8221; _builder_version=&#8221;4.27.4&#8243; _module_preset=&#8221;default&#8221; width=&#8221;32%&#8221; width_tablet=&#8221;32%&#8221; width_phone=&#8221;100%&#8221; width_last_edited=&#8221;on|phone&#8221; animation_style=&#8221;fade&#8221; global_colors_info=&#8221;{}&#8221;][\/et_pb_image][\/et_pb_column][\/et_pb_row][\/et_pb_section][et_pb_section fb_built=&#8221;1&#8243; _builder_version=&#8221;4.27.4&#8243; _module_preset=&#8221;default&#8221; use_background_color_gradient=&#8221;on&#8221; background_color_gradient_direction=&#8221;90deg&#8221; background_color_gradient_stops=&#8221;rgba(255,255,255,0) 50%|#532e12 50%&#8221; background_color_gradient_overlays_image=&#8221;on&#8221; background_image=&#8221;https:\/\/agbiofusion.com\/wp-content\/uploads\/2024\/12\/Fondoproductos2.png&#8221; background_position=&#8221;top_center&#8221; custom_padding=&#8221;16px||13px|||&#8221; hover_enabled=&#8221;0&#8243; background_last_edited=&#8221;on|phone&#8221; use_background_color_gradient_phone=&#8221;on&#8221; background_color_gradient_direction_phone=&#8221;180deg&#8221; background_color_gradient_stops_phone=&#8221;rgba(255,255,255,0) 34%|#437a38 34%&#8221; locked=&#8221;off&#8221; global_colors_info=&#8221;{}&#8221; sticky_enabled=&#8221;0&#8243;][et_pb_row column_structure=&#8221;1_2,1_2&#8243; _builder_version=&#8221;4.27.4&#8243; _module_preset=&#8221;default&#8221; width=&#8221;100%&#8221; width_tablet=&#8221;100%&#8221; width_phone=&#8221;80%&#8221; width_last_edited=&#8221;on|phone&#8221; max_width=&#8221;1400px&#8221; max_width_tablet=&#8221;1400px&#8221; max_width_phone=&#8221;1080%&#8221; max_width_last_edited=&#8221;on|phone&#8221; global_colors_info=&#8221;{}&#8221;][et_pb_column type=&#8221;1_2&#8243; _builder_version=&#8221;4.27.4&#8243; _module_preset=&#8221;default&#8221; global_colors_info=&#8221;{}&#8221;][et_pb_image src=&#8221;https:\/\/agbiofusion.com\/wp-content\/uploads\/2025\/01\/ROOT-Fusion-English.png&#8221; _builder_version=&#8221;4.27.4&#8243; _module_preset=&#8221;default&#8221; background_enable_image=&#8221;off&#8221; width=&#8221;65%&#8221; width_tablet=&#8221;85%&#8221; width_phone=&#8221;100%&#8221; width_last_edited=&#8221;on|phone&#8221; module_alignment=&#8221;center&#8221; custom_margin=&#8221;||15px|||&#8221; animation_style=&#8221;fold&#8221; global_colors_info=&#8221;{}&#8221;][\/et_pb_image][et_pb_text _builder_version=&#8221;4.27.4&#8243; _module_preset=&#8221;default&#8221; text_font=&#8221;|700|||||||&#8221; text_text_color=&#8221;#FFFFFF&#8221; text_font_size=&#8221;22px&#8221; header_font_size=&#8221;38px&#8221; background_color=&#8221;#532e12&#8243; text_orientation=&#8221;center&#8221; width=&#8221;52%&#8221; width_tablet=&#8221;52%&#8221; width_phone=&#8221;100%&#8221; width_last_edited=&#8221;on|phone&#8221; module_alignment=&#8221;center&#8221; custom_padding=&#8221;10px||12px||false|false&#8221; text_text_shadow_style=&#8221;preset1&#8243; text_text_shadow_color=&#8221;rgba(0,0,0,0.78)&#8221; border_radii=&#8221;on|142px|142px|142px|142px&#8221; locked=&#8221;off&#8221; global_colors_info=&#8221;{}&#8221;]<\/p>\n<p>ALTAS CONCENTRACIONES DE MICORRIZAS<\/p>\n<p>[\/et_pb_text][\/et_pb_column][et_pb_column type=&#8221;1_2&#8243; _builder_version=&#8221;4.27.4&#8243; _module_preset=&#8221;default&#8221; global_colors_info=&#8221;{}&#8221;][et_pb_text _builder_version=&#8221;4.27.4&#8243; _module_preset=&#8221;default&#8221; text_font=&#8221;Lato||on||||||&#8221; text_text_color=&#8221;#FFFFFF&#8221; text_font_size=&#8221;26px&#8221; text_line_height=&#8221;1.2em&#8221; width=&#8221;88%&#8221; custom_padding=&#8221;40px|||||&#8221; global_colors_info=&#8221;{}&#8221;]<\/p>\n<p><span style=\"font-weight: 400;\">El producto en polvo contiene cuatro especies de hongos micorr\u00edcicos arbusculares que promueven una mejor absorci\u00f3n de\u00a0 f\u00f3sforo y potasio, un mayor crecimiento de las ra\u00edces, suelos m\u00e1s\u00a0 a\u00f1os y mayor rendimiento.\u00a0<\/span><\/p>\n<p><span style=\"font-weight: 400;\">SINERGIA PERFECTA ENTRE HONGOS Y LA PLANTA<\/span><\/p>\n<p><span style=\"font-weight: 400;\">Las micorrizas establecen asociaciones beneficiosas entre el hongo y las ra\u00edces. Las esporas de las micorrizas germinan en el suelo y producen filamentos (hifas) que penetran en las c\u00e9lulas de las ra\u00edces. Esta asociaci\u00f3n permite la formaci\u00f3n de una red intra y extra radicular de filamentos que explora el suelo y accede a m\u00e1s nutrientes y agua, dentro y fuera de la zona radicular y los transfiere a la planta.<\/span><\/p>\n<p>[\/et_pb_text][\/et_pb_column][\/et_pb_row][\/et_pb_section][et_pb_section fb_built=&#8221;1&#8243; _builder_version=&#8221;4.27.4&#8243; _module_preset=&#8221;default&#8221; background_image=&#8221;https:\/\/agbiofusion.com\/wp-content\/uploads\/2024\/12\/FONDO-BENEFICIOS.png&#8221; background_size=&#8221;custom&#8221; background_image_width=&#8221;102%&#8221; background_image_height=&#8221;100%&#8221; background_position=&#8221;top_center&#8221; custom_margin=&#8221;23px|||||&#8221; custom_padding=&#8221;||30px|||&#8221; locked=&#8221;off&#8221; global_colors_info=&#8221;{}&#8221;][et_pb_row _builder_version=&#8221;4.27.4&#8243; _module_preset=&#8221;default&#8221; global_colors_info=&#8221;{}&#8221;][et_pb_column type=&#8221;4_4&#8243; _builder_version=&#8221;4.27.4&#8243; _module_preset=&#8221;default&#8221; global_colors_info=&#8221;{}&#8221;][et_pb_text _builder_version=&#8221;4.27.4&#8243; _module_preset=&#8221;default&#8221; text_text_color=&#8221;#FFFFFF&#8221; text_font_size=&#8221;22px&#8221; text_line_height=&#8221;1.2em&#8221; text_orientation=&#8221;center&#8221; width=&#8221;76%&#8221; width_tablet=&#8221;76%&#8221; width_phone=&#8221;100%&#8221; width_last_edited=&#8221;on|phone&#8221; max_width=&#8221;1400%&#8221; module_alignment=&#8221;center&#8221; custom_margin=&#8221;||50px|||&#8221; animation_style=&#8221;fade&#8221; text_text_shadow_style=&#8221;preset1&#8243; text_text_shadow_color=&#8221;rgba(0,0,0,0.84)&#8221; locked=&#8221;off&#8221; global_colors_info=&#8221;{}&#8221;]<\/p>\n<p><span style=\"font-weight: 400;\">Mejora la absorci\u00f3n de nutrientes<\/span>, <span style=\"font-weight: 400;\">aumenta la tolerancia a la sequ\u00eda, mejor crecimiento y rendimiento, mejora la estructura del suelo, funciona en muchas especies de plantas, facilita el almacenamiento y la manipulaci\u00f3n,\u00a0 mejora la colonizaci\u00f3n de las ra\u00edces y respetuoso con el medio ambiente.<\/span><\/p>\n<p>[\/et_pb_text][\/et_pb_column][\/et_pb_row][\/et_pb_section][et_pb_section fb_built=&#8221;1&#8243; _builder_version=&#8221;4.27.4&#8243; _module_preset=&#8221;default&#8221; custom_padding=&#8221;32px|||||&#8221; locked=&#8221;off&#8221; global_colors_info=&#8221;{}&#8221;][et_pb_row _builder_version=&#8221;4.27.4&#8243; _module_preset=&#8221;default&#8221; global_colors_info=&#8221;{}&#8221;][et_pb_column type=&#8221;4_4&#8243; _builder_version=&#8221;4.27.4&#8243; _module_preset=&#8221;default&#8221; global_colors_info=&#8221;{}&#8221;][et_pb_text _builder_version=&#8221;4.27.4&#8243; _module_preset=&#8221;default&#8221; text_font=&#8221;|700|||||||&#8221; text_text_color=&#8221;#1e1e1e&#8221; text_font_size=&#8221;22px&#8221; text_line_height=&#8221;1.2em&#8221; text_orientation=&#8221;center&#8221; width=&#8221;76%&#8221; max_width=&#8221;1400%&#8221; module_alignment=&#8221;center&#8221; locked=&#8221;off&#8221; global_colors_info=&#8221;{}&#8221;]<\/p>\n<p>DESCARGA TODA LA INFORMACI\u00d3N AQU\u00cd<\/p>\n<p>[\/et_pb_text][et_pb_button button_url=&#8221;https:\/\/agbiofusion.com\/wp-content\/uploads\/2025\/01\/ROOT-Fusion-Espanol-V2.pdf&#8221; button_text=&#8221;Descargar PDF&#8221; button_alignment=&#8221;center&#8221; _builder_version=&#8221;4.27.4&#8243; _module_preset=&#8221;default&#8221; custom_button=&#8221;on&#8221; button_text_color=&#8221;#FFFFFF&#8221; button_bg_color=&#8221;#1375ea&#8221; button_border_width=&#8221;0px&#8221; button_border_radius=&#8221;49px&#8221; button_font=&#8221;Montserrat||on||||||&#8221; animation_style=&#8221;slide&#8221; locked=&#8221;off&#8221; global_colors_info=&#8221;{}&#8221;][\/et_pb_button][\/et_pb_column][\/et_pb_row][\/et_pb_section]<\/p>\n","protected":false},"excerpt":{"rendered":"<p>ALTAS CONCENTRACIONES DE MICORRIZASEl producto en polvo contiene cuatro especies de hongos micorr\u00edcicos arbusculares que promueven una mejor absorci\u00f3n de\u00a0 f\u00f3sforo y potasio, un mayor crecimiento de las ra\u00edces, suelos m\u00e1s\u00a0 a\u00f1os y mayor rendimiento.\u00a0 SINERGIA PERFECTA ENTRE HONGOS Y LA PLANTA Las micorrizas establecen asociaciones beneficiosas entre el hongo y las ra\u00edces. Las esporas [&hellip;]<\/p>\n","protected":false},"author":2,"featured_media":0,"parent":0,"menu_order":0,"comment_status":"closed","ping_status":"closed","template":"","meta":{"_et_pb_use_builder":"on","_et_pb_old_content":"","_et_gb_content_width":"","footnotes":""},"class_list":["post-511","page","type-page","status-publish","hentry"],"_links":{"self":[{"href":"https:\/\/agbiofusion.com\/index.php\/wp-json\/wp\/v2\/pages\/511","targetHints":{"allow":["GET"]}}],"collection":[{"href":"https:\/\/agbiofusion.com\/index.php\/wp-json\/wp\/v2\/pages"}],"about":[{"href":"https:\/\/agbiofusion.com\/index.php\/wp-json\/wp\/v2\/types\/page"}],"author":[{"embeddable":true,"href":"https:\/\/agbiofusion.com\/index.php\/wp-json\/wp\/v2\/users\/2"}],"replies":[{"embeddable":true,"href":"https:\/\/agbiofusion.com\/index.php\/wp-json\/wp\/v2\/comments?post=511"}],"version-history":[{"count":13,"href":"https:\/\/agbiofusion.com\/index.php\/wp-json\/wp\/v2\/pages\/511\/revisions"}],"predecessor-version":[{"id":1028,"href":"https:\/\/agbiofusion.com\/index.php\/wp-json\/wp\/v2\/pages\/511\/revisions\/1028"}],"wp:attachment":[{"href":"https:\/\/agbiofusion.com\/index.php\/wp-json\/wp\/v2\/media?parent=511"}],"curies":[{"name":"wp","href":"https:\/\/api.w.org\/{rel}","templated":true}]}}