{"id":287,"date":"2024-12-03T02:35:54","date_gmt":"2024-12-03T02:35:54","guid":{"rendered":"https:\/\/agbiofusion.com\/?page_id=287"},"modified":"2025-07-29T22:04:51","modified_gmt":"2025-07-29T22:04:51","slug":"humi-bio-ag","status":"publish","type":"page","link":"https:\/\/agbiofusion.com\/index.php\/humi-bio-ag\/","title":{"rendered":"HUMI Bio AG"},"content":{"rendered":"<p>[et_pb_section fb_built=&#8221;1&#8243; _builder_version=&#8221;4.27.4&#8243; _module_preset=&#8221;default&#8221; background_image=&#8221;https:\/\/agbiofusion.com\/wp-content\/uploads\/2024\/12\/Fondoproductos1.png&#8221; background_position=&#8221;bottom_center&#8221; custom_padding=&#8221;10px||7px|||&#8221; locked=&#8221;off&#8221; global_colors_info=&#8221;{}&#8221;][et_pb_row _builder_version=&#8221;4.27.4&#8243; _module_preset=&#8221;default&#8221; custom_padding=&#8221;15px||18px|||&#8221; global_colors_info=&#8221;{}&#8221;][et_pb_column type=&#8221;4_4&#8243; _builder_version=&#8221;4.27.4&#8243; _module_preset=&#8221;default&#8221; global_colors_info=&#8221;{}&#8221;][et_pb_image src=&#8221;https:\/\/agbiofusion.com\/wp-content\/uploads\/2024\/12\/HUMIBIOTITULO.png&#8221; align=&#8221;center&#8221; _builder_version=&#8221;4.27.4&#8243; _module_preset=&#8221;default&#8221; width=&#8221;32%&#8221; width_tablet=&#8221;32%&#8221; width_phone=&#8221;100%&#8221; width_last_edited=&#8221;on|phone&#8221; animation_style=&#8221;fade&#8221; global_colors_info=&#8221;{}&#8221;][\/et_pb_image][\/et_pb_column][\/et_pb_row][\/et_pb_section][et_pb_section fb_built=&#8221;1&#8243; _builder_version=&#8221;4.27.4&#8243; _module_preset=&#8221;default&#8221; use_background_color_gradient=&#8221;on&#8221; background_color_gradient_direction=&#8221;90deg&#8221; background_color_gradient_stops=&#8221;rgba(255,255,255,0) 50%|#437a38 50%&#8221; background_color_gradient_overlays_image=&#8221;on&#8221; background_image=&#8221;https:\/\/agbiofusion.com\/wp-content\/uploads\/2024\/12\/Fondoproductos2.png&#8221; background_position=&#8221;top_center&#8221; custom_padding=&#8221;16px||13px|||&#8221; background_last_edited=&#8221;on|phone&#8221; use_background_color_gradient_phone=&#8221;on&#8221; background_color_gradient_direction_phone=&#8221;180deg&#8221; background_color_gradient_stops_phone=&#8221;rgba(255,255,255,0) 34%|#437a38 34%&#8221; locked=&#8221;off&#8221; global_colors_info=&#8221;{}&#8221;][et_pb_row column_structure=&#8221;1_2,1_2&#8243; _builder_version=&#8221;4.27.4&#8243; _module_preset=&#8221;default&#8221; width=&#8221;100%&#8221; width_tablet=&#8221;100%&#8221; width_phone=&#8221;80%&#8221; width_last_edited=&#8221;on|phone&#8221; max_width=&#8221;1400px&#8221; max_width_tablet=&#8221;1400px&#8221; max_width_phone=&#8221;1080%&#8221; max_width_last_edited=&#8221;on|phone&#8221; global_colors_info=&#8221;{}&#8221;][et_pb_column type=&#8221;1_2&#8243; _builder_version=&#8221;4.27.4&#8243; _module_preset=&#8221;default&#8221; global_colors_info=&#8221;{}&#8221;][et_pb_image src=&#8221;https:\/\/agbiofusion.com\/wp-content\/uploads\/2024\/12\/HUMIBIO.png&#8221; _builder_version=&#8221;4.27.4&#8243; _module_preset=&#8221;default&#8221; background_enable_image=&#8221;off&#8221; width=&#8221;85%&#8221; width_tablet=&#8221;85%&#8221; width_phone=&#8221;100%&#8221; width_last_edited=&#8221;on|phone&#8221; module_alignment=&#8221;center&#8221; custom_margin=&#8221;||15px|||&#8221; animation_style=&#8221;fold&#8221; global_colors_info=&#8221;{}&#8221;][\/et_pb_image][et_pb_text _builder_version=&#8221;4.27.4&#8243; _module_preset=&#8221;default&#8221; text_font=&#8221;|700|||||||&#8221; text_text_color=&#8221;#FFFFFF&#8221; text_font_size=&#8221;22px&#8221; header_font_size=&#8221;38px&#8221; background_color=&#8221;#77b533&#8243; text_orientation=&#8221;center&#8221; width=&#8221;52%&#8221; width_tablet=&#8221;52%&#8221; width_phone=&#8221;100%&#8221; width_last_edited=&#8221;on|phone&#8221; module_alignment=&#8221;center&#8221; custom_padding=&#8221;10px||12px||false|false&#8221; text_text_shadow_style=&#8221;preset1&#8243; text_text_shadow_color=&#8221;rgba(0,0,0,0.78)&#8221; border_radii=&#8221;on|142px|142px|142px|142px&#8221; locked=&#8221;off&#8221; global_colors_info=&#8221;{}&#8221;]<\/p>\n<p>MEJORADOR DEL SUELO ORG\u00c1NICO<\/p>\n<p>[\/et_pb_text][\/et_pb_column][et_pb_column type=&#8221;1_2&#8243; _builder_version=&#8221;4.27.4&#8243; _module_preset=&#8221;default&#8221; global_colors_info=&#8221;{}&#8221;][et_pb_text _builder_version=&#8221;4.27.4&#8243; _module_preset=&#8221;default&#8221; text_font=&#8221;Lato||on||||||&#8221; text_text_color=&#8221;#FFFFFF&#8221; text_font_size=&#8221;29px&#8221; text_line_height=&#8221;1.2em&#8221; width=&#8221;88%&#8221; custom_padding=&#8221;40px|||||&#8221; global_colors_info=&#8221;{}&#8221;]<\/p>\n<p>Fue desarrollado para entregar microbios beneficiosos y mol\u00e9culas complejas de \u00e1cido h\u00famico juntos en un producto potente que es f\u00e1cil de almacenar, manejar y aplicar.<\/p>\n<p>Acelera la conversi\u00f3n de nutrientes del suelo como f\u00f3sforo, nitrato y azufre para un mejor desarrollo y producci\u00f3n de la planta. Promueve el crecimiento de la ra\u00edz de los cultivos.<\/p>\n<p>Ayuda a mejorar la retenci\u00f3n de agua en el suelo. Incrementa la biomasa microbiana ben\u00e9fica en el suelo.<\/p>\n<p>[\/et_pb_text][\/et_pb_column][\/et_pb_row][\/et_pb_section][et_pb_section fb_built=&#8221;1&#8243; _builder_version=&#8221;4.27.4&#8243; _module_preset=&#8221;default&#8221; background_enable_image=&#8221;off&#8221; background_position=&#8221;bottom_center&#8221; background_vertical_offset=&#8221;13%&#8221; custom_padding=&#8221;38px||17px|||&#8221; locked=&#8221;off&#8221; global_colors_info=&#8221;{}&#8221;][et_pb_row _builder_version=&#8221;4.27.4&#8243; _module_preset=&#8221;default&#8221; global_colors_info=&#8221;{}&#8221;][et_pb_column type=&#8221;4_4&#8243; _builder_version=&#8221;4.27.4&#8243; _module_preset=&#8221;default&#8221; global_colors_info=&#8221;{}&#8221;][et_pb_text _builder_version=&#8221;4.27.4&#8243; _module_preset=&#8221;default&#8221; header_font=&#8221;|700|||||||&#8221; header_text_align=&#8221;center&#8221; header_text_color=&#8221;#1e1e1e&#8221; animation_style=&#8221;fade&#8221; global_colors_info=&#8221;{}&#8221;]<\/p>\n<h1>ELEMENTOS DESTACADOS EN EL PRODUCTO<\/h1>\n<p>[\/et_pb_text][\/et_pb_column][\/et_pb_row][\/et_pb_section][et_pb_section fb_built=&#8221;1&#8243; _builder_version=&#8221;4.27.4&#8243; _module_preset=&#8221;default&#8221; use_background_color_gradient=&#8221;on&#8221; background_color_gradient_direction=&#8221;90deg&#8221; background_color_gradient_stops=&#8221;#4f3516 35%|rgba(41,196,169,0) 35%&#8221; custom_padding=&#8221;22px||14px|||&#8221; background_last_edited=&#8221;on|phone&#8221; background_color_gradient_direction_phone=&#8221;180deg&#8221; global_colors_info=&#8221;{}&#8221;][et_pb_row column_structure=&#8221;2_5,3_5&#8243; _builder_version=&#8221;4.27.4&#8243; _module_preset=&#8221;default&#8221; width=&#8221;100%&#8221; width_tablet=&#8221;100%&#8221; width_phone=&#8221;80%&#8221; width_last_edited=&#8221;on|phone&#8221; max_width=&#8221;1400px&#8221; max_width_tablet=&#8221;1400px&#8221; max_width_phone=&#8221;1080%&#8221; max_width_last_edited=&#8221;on|phone&#8221; height_tablet=&#8221;&#8221; height_phone=&#8221;638px&#8221; height_last_edited=&#8221;on|phone&#8221; global_colors_info=&#8221;{}&#8221;][et_pb_column type=&#8221;2_5&#8243; _builder_version=&#8221;4.27.4&#8243; _module_preset=&#8221;default&#8221; global_colors_info=&#8221;{}&#8221;][et_pb_text _builder_version=&#8221;4.27.4&#8243; _module_preset=&#8221;default&#8221; text_font=&#8221;|700|||||||&#8221; text_text_color=&#8221;#FFFFFF&#8221; text_font_size=&#8221;25px&#8221; text_line_height=&#8221;1.2em&#8221; transform_scale_tablet=&#8221;&#8221; transform_scale_phone=&#8221;&#8221; transform_scale_last_edited=&#8221;on|phone&#8221; transform_translate=&#8221;0px|26px&#8221; transform_translate_tablet=&#8221;0px|26px&#8221; transform_translate_phone=&#8221;0px|0px&#8221; transform_translate_last_edited=&#8221;on|phone&#8221; transform_translate_linked=&#8221;off&#8221; transform_rotate_tablet=&#8221;&#8221; transform_rotate_phone=&#8221;&#8221; transform_rotate_last_edited=&#8221;on|phone&#8221; transform_skew_tablet=&#8221;&#8221; transform_skew_phone=&#8221;&#8221; transform_skew_last_edited=&#8221;on|phone&#8221; transform_origin_tablet=&#8221;&#8221; transform_origin_phone=&#8221;&#8221; transform_origin_last_edited=&#8221;on|phone&#8221; transform_styles_last_edited=&#8221;on|phone&#8221; text_orientation=&#8221;center&#8221; width=&#8221;56%&#8221; width_tablet=&#8221;56%&#8221; width_phone=&#8221;100%&#8221; width_last_edited=&#8221;on|phone&#8221; max_width=&#8221;1400%&#8221; module_alignment=&#8221;center&#8221; custom_margin=&#8221;||50px|||&#8221; transform_styles_tablet=&#8221;&#8221; transform_styles_phone=&#8221;&#8221; locked=&#8221;off&#8221; global_colors_info=&#8221;{}&#8221;]<\/p>\n<p>Los agricultores de todo el mundo est\u00e1n experimentando una mejor translocaci\u00f3n de<br \/>nutrientes en las ra\u00edces.<\/p>\n<p>[\/et_pb_text][\/et_pb_column][et_pb_column type=&#8221;3_5&#8243; _builder_version=&#8221;4.27.4&#8243; _module_preset=&#8221;default&#8221; global_colors_info=&#8221;{}&#8221;][et_pb_text _builder_version=&#8221;4.27.4&#8243; _module_preset=&#8221;default&#8221; text_text_color=&#8221;#1e1e1e&#8221; text_font_size=&#8221;22px&#8221; text_line_height=&#8221;1.2em&#8221; text_orientation=&#8221;center&#8221; width=&#8221;76%&#8221; width_tablet=&#8221;76%&#8221; width_phone=&#8221;100%&#8221; width_last_edited=&#8221;on|phone&#8221; max_width=&#8221;1400%&#8221; module_alignment=&#8221;center&#8221; custom_margin=&#8221;||50px|||&#8221; locked=&#8221;off&#8221; global_colors_info=&#8221;{}&#8221;]<\/p>\n<p>Utilizando nuestro proceso patentado de extracci\u00f3n de Qu\u00edmica H\u00fameda, ACTIVAMOS la mol\u00e9cula de \u00e1cido h\u00famico haci\u00e9ndola m\u00e1s funcional, mejorando sus capacidades: CEC, Amortiguaci\u00f3n, Quelaci\u00f3n y Complejaci\u00f3n. Mientras que otros m\u00e9todos de extracci\u00f3n no alcalina NO activen esas mol\u00e9culas h\u00famicas funcionales, reduciendo dr\u00e1sticamente los beneficios.<\/p>\n<p>[\/et_pb_text][\/et_pb_column][\/et_pb_row][\/et_pb_section][et_pb_section fb_built=&#8221;1&#8243; _builder_version=&#8221;4.27.4&#8243; _module_preset=&#8221;default&#8221; background_image=&#8221;https:\/\/agbiofusion.com\/wp-content\/uploads\/2024\/12\/FONDO-BENEFICIOS.png&#8221; background_size=&#8221;custom&#8221; background_image_width=&#8221;102%&#8221; background_image_height=&#8221;100%&#8221; background_position=&#8221;top_center&#8221; custom_margin=&#8221;23px|||||&#8221; global_colors_info=&#8221;{}&#8221;][et_pb_row _builder_version=&#8221;4.27.4&#8243; _module_preset=&#8221;default&#8221; global_colors_info=&#8221;{}&#8221;][et_pb_column type=&#8221;4_4&#8243; _builder_version=&#8221;4.27.4&#8243; _module_preset=&#8221;default&#8221; global_colors_info=&#8221;{}&#8221;][et_pb_text _builder_version=&#8221;4.27.4&#8243; _module_preset=&#8221;default&#8221; text_text_color=&#8221;#FFFFFF&#8221; text_font_size=&#8221;22px&#8221; text_line_height=&#8221;1.2em&#8221; text_orientation=&#8221;center&#8221; width=&#8221;76%&#8221; width_tablet=&#8221;76%&#8221; width_phone=&#8221;100%&#8221; width_last_edited=&#8221;on|phone&#8221; max_width=&#8221;1400%&#8221; module_alignment=&#8221;center&#8221; custom_margin=&#8221;||50px|||&#8221; animation_style=&#8221;fade&#8221; text_text_shadow_style=&#8221;preset1&#8243; text_text_shadow_color=&#8221;rgba(0,0,0,0.84)&#8221; locked=&#8221;off&#8221; global_colors_info=&#8221;{}&#8221;]<\/p>\n<p>Prevenci\u00f3n, Supresi\u00f3n y control de enfermedades. Inhibe y combate Hongos, Nematodos, Bacterias y el crecimiento de esporas a trav\u00e9s de su Actividad Toxinogenica, enzimas Proteasas y otros modos de acci\u00f3n. (Degradaci\u00f3n, Fitoparasitismo, Antibiosis y Antagonismo).<\/p>\n<p>Contra todos los ordenes de hongos (Oomycota, Ascomycota, Deuteronomycota y Basidiomycota).<\/p>\n<p>[\/et_pb_text][\/et_pb_column][\/et_pb_row][\/et_pb_section][et_pb_section fb_built=&#8221;1&#8243; _builder_version=&#8221;4.27.4&#8243; _module_preset=&#8221;default&#8221; custom_padding=&#8221;32px|||||&#8221; global_colors_info=&#8221;{}&#8221;][et_pb_row _builder_version=&#8221;4.27.4&#8243; _module_preset=&#8221;default&#8221; global_colors_info=&#8221;{}&#8221;][et_pb_column type=&#8221;4_4&#8243; _builder_version=&#8221;4.27.4&#8243; _module_preset=&#8221;default&#8221; global_colors_info=&#8221;{}&#8221;][et_pb_text _builder_version=&#8221;4.27.4&#8243; _module_preset=&#8221;default&#8221; text_font=&#8221;|700|||||||&#8221; text_text_color=&#8221;#1e1e1e&#8221; text_font_size=&#8221;22px&#8221; text_line_height=&#8221;1.2em&#8221; text_orientation=&#8221;center&#8221; width=&#8221;76%&#8221; max_width=&#8221;1400%&#8221; module_alignment=&#8221;center&#8221; locked=&#8221;off&#8221; global_colors_info=&#8221;{}&#8221;]<\/p>\n<p>DESCARGA TODA LA INFORMACI\u00d3N AQU\u00cd<\/p>\n<p>[\/et_pb_text][et_pb_button button_url=&#8221;https:\/\/agbiofusion.com\/wp-content\/uploads\/2025\/07\/Humi-BIO-AG-EspanI_ol-2025.pdf&#8221; button_text=&#8221;Descargar PDF&#8221; button_alignment=&#8221;center&#8221; _builder_version=&#8221;4.27.4&#8243; _module_preset=&#8221;default&#8221; custom_button=&#8221;on&#8221; button_text_color=&#8221;#FFFFFF&#8221; button_bg_color=&#8221;#1375ea&#8221; button_border_width=&#8221;0px&#8221; button_border_radius=&#8221;49px&#8221; button_font=&#8221;Montserrat||on||||||&#8221; animation_style=&#8221;slide&#8221; hover_enabled=&#8221;0&#8243; locked=&#8221;off&#8221; global_colors_info=&#8221;{}&#8221; sticky_enabled=&#8221;0&#8243;][\/et_pb_button][\/et_pb_column][\/et_pb_row][et_pb_row _builder_version=&#8221;4.27.4&#8243; _module_preset=&#8221;default&#8221; background_color=&#8221;#97c63c&#8221; width=&#8221;100%&#8221; max_width=&#8221;1550px&#8221; custom_padding=&#8221;10px||12px|||&#8221; locked=&#8221;off&#8221; global_colors_info=&#8221;{}&#8221;][et_pb_column type=&#8221;4_4&#8243; _builder_version=&#8221;4.27.4&#8243; _module_preset=&#8221;default&#8221; global_colors_info=&#8221;{}&#8221;][et_pb_text _builder_version=&#8221;4.27.4&#8243; _module_preset=&#8221;default&#8221; text_font=&#8221;|700|||||||&#8221; text_text_color=&#8221;#1e1e1e&#8221; text_font_size=&#8221;22px&#8221; text_line_height=&#8221;1.2em&#8221; text_orientation=&#8221;center&#8221; width=&#8221;76%&#8221; max_width=&#8221;1400%&#8221; module_alignment=&#8221;center&#8221; custom_margin=&#8221;||21px|||&#8221; locked=&#8221;off&#8221; global_colors_info=&#8221;{}&#8221;]<\/p>\n<p>FUNCIONA PARA:<\/p>\n<p>[\/et_pb_text][et_pb_text _builder_version=&#8221;4.27.4&#8243; _module_preset=&#8221;default&#8221; text_font=&#8221;||||||||&#8221; text_text_color=&#8221;#1e1e1e&#8221; text_font_size=&#8221;22px&#8221; text_line_height=&#8221;1.2em&#8221; text_orientation=&#8221;center&#8221; width=&#8221;76%&#8221; max_width=&#8221;1400%&#8221; module_alignment=&#8221;center&#8221; custom_margin=&#8221;-12px|||||&#8221; locked=&#8221;off&#8221; global_colors_info=&#8221;{}&#8221;]<\/p>\n<p>Manzana, fresa, ma\u00edz, trigo, nuez, granada, uvas<\/p>\n<p>[\/et_pb_text][\/et_pb_column][\/et_pb_row][\/et_pb_section]<\/p>\n","protected":false},"excerpt":{"rendered":"<p>MEJORADOR DEL SUELO ORG\u00c1NICOFue desarrollado para entregar microbios beneficiosos y mol\u00e9culas complejas de \u00e1cido h\u00famico juntos en un producto potente que es f\u00e1cil de almacenar, manejar y aplicar. Acelera la conversi\u00f3n de nutrientes del suelo como f\u00f3sforo, nitrato y azufre para un mejor desarrollo y producci\u00f3n de la planta. Promueve el crecimiento de la ra\u00edz [&hellip;]<\/p>\n","protected":false},"author":2,"featured_media":0,"parent":0,"menu_order":0,"comment_status":"closed","ping_status":"closed","template":"","meta":{"_et_pb_use_builder":"on","_et_pb_old_content":"","_et_gb_content_width":"","footnotes":""},"class_list":["post-287","page","type-page","status-publish","hentry"],"_links":{"self":[{"href":"https:\/\/agbiofusion.com\/index.php\/wp-json\/wp\/v2\/pages\/287","targetHints":{"allow":["GET"]}}],"collection":[{"href":"https:\/\/agbiofusion.com\/index.php\/wp-json\/wp\/v2\/pages"}],"about":[{"href":"https:\/\/agbiofusion.com\/index.php\/wp-json\/wp\/v2\/types\/page"}],"author":[{"embeddable":true,"href":"https:\/\/agbiofusion.com\/index.php\/wp-json\/wp\/v2\/users\/2"}],"replies":[{"embeddable":true,"href":"https:\/\/agbiofusion.com\/index.php\/wp-json\/wp\/v2\/comments?post=287"}],"version-history":[{"count":19,"href":"https:\/\/agbiofusion.com\/index.php\/wp-json\/wp\/v2\/pages\/287\/revisions"}],"predecessor-version":[{"id":1134,"href":"https:\/\/agbiofusion.com\/index.php\/wp-json\/wp\/v2\/pages\/287\/revisions\/1134"}],"wp:attachment":[{"href":"https:\/\/agbiofusion.com\/index.php\/wp-json\/wp\/v2\/media?parent=287"}],"curies":[{"name":"wp","href":"https:\/\/api.w.org\/{rel}","templated":true}]}}