{"id":284,"date":"2024-12-03T02:35:09","date_gmt":"2024-12-03T02:35:09","guid":{"rendered":"https:\/\/agbiofusion.com\/?page_id=284"},"modified":"2025-07-29T22:01:55","modified_gmt":"2025-07-29T22:01:55","slug":"hb-plus","status":"publish","type":"page","link":"https:\/\/agbiofusion.com\/index.php\/hb-plus\/","title":{"rendered":"HB Plus"},"content":{"rendered":"<p>[et_pb_section fb_built=&#8221;1&#8243; _builder_version=&#8221;4.27.4&#8243; _module_preset=&#8221;default&#8221; background_image=&#8221;https:\/\/agbiofusion.com\/wp-content\/uploads\/2024\/12\/Fondoproductos1.png&#8221; background_position=&#8221;bottom_center&#8221; custom_padding=&#8221;10px||7px|||&#8221; global_colors_info=&#8221;{}&#8221;][et_pb_row _builder_version=&#8221;4.27.4&#8243; _module_preset=&#8221;default&#8221; custom_padding=&#8221;15px||18px|||&#8221; global_colors_info=&#8221;{}&#8221;][et_pb_column type=&#8221;4_4&#8243; _builder_version=&#8221;4.27.4&#8243; _module_preset=&#8221;default&#8221; global_colors_info=&#8221;{}&#8221;][et_pb_image src=&#8221;https:\/\/agbiofusion.com\/wp-content\/uploads\/2024\/12\/HBPLUSTITULO.png&#8221; align=&#8221;center&#8221; _builder_version=&#8221;4.27.4&#8243; _module_preset=&#8221;default&#8221; width=&#8221;30%&#8221; width_tablet=&#8221;30%&#8221; width_phone=&#8221;100%&#8221; width_last_edited=&#8221;on|phone&#8221; animation_style=&#8221;fade&#8221; global_colors_info=&#8221;{}&#8221;][\/et_pb_image][\/et_pb_column][\/et_pb_row][\/et_pb_section][et_pb_section fb_built=&#8221;1&#8243; _builder_version=&#8221;4.27.4&#8243; _module_preset=&#8221;default&#8221; use_background_color_gradient=&#8221;on&#8221; background_color_gradient_direction=&#8221;90deg&#8221; background_color_gradient_stops=&#8221;rgba(255,255,255,0) 50%|#ed8610 50%&#8221; background_color_gradient_overlays_image=&#8221;on&#8221; background_image=&#8221;https:\/\/agbiofusion.com\/wp-content\/uploads\/2024\/12\/Fondoproductos2.png&#8221; background_position=&#8221;top_center&#8221; custom_padding=&#8221;16px||13px|||&#8221; background_last_edited=&#8221;on|desktop&#8221; use_background_color_gradient_phone=&#8221;on&#8221; background_color_gradient_direction_phone=&#8221;180deg&#8221; background_color_gradient_stops_phone=&#8221;rgba(255,255,255,0) 33%|rgba(79,53,22,0.98) 33%&#8221; global_colors_info=&#8221;{}&#8221;][et_pb_row column_structure=&#8221;1_2,1_2&#8243; _builder_version=&#8221;4.27.4&#8243; _module_preset=&#8221;default&#8221; width=&#8221;100%&#8221; width_tablet=&#8221;100%&#8221; width_phone=&#8221;80%&#8221; width_last_edited=&#8221;on|phone&#8221; max_width=&#8221;1400px&#8221; max_width_tablet=&#8221;1400px&#8221; max_width_phone=&#8221;1080%&#8221; max_width_last_edited=&#8221;on|phone&#8221; global_colors_info=&#8221;{}&#8221;][et_pb_column type=&#8221;1_2&#8243; _builder_version=&#8221;4.27.4&#8243; _module_preset=&#8221;default&#8221; global_colors_info=&#8221;{}&#8221;][et_pb_image src=&#8221;https:\/\/agbiofusion.com\/wp-content\/uploads\/2024\/12\/HBPLUS.png&#8221; _builder_version=&#8221;4.27.4&#8243; _module_preset=&#8221;default&#8221; background_enable_image=&#8221;off&#8221; width=&#8221;85%&#8221; width_tablet=&#8221;85%&#8221; width_phone=&#8221;100%&#8221; width_last_edited=&#8221;on|phone&#8221; module_alignment=&#8221;center&#8221; custom_margin=&#8221;||15px|||&#8221; animation_style=&#8221;fold&#8221; global_colors_info=&#8221;{}&#8221;][\/et_pb_image][et_pb_text _builder_version=&#8221;4.27.4&#8243; _module_preset=&#8221;default&#8221; text_font=&#8221;|700|||||||&#8221; text_text_color=&#8221;#FFFFFF&#8221; text_font_size=&#8221;22px&#8221; header_font_size=&#8221;38px&#8221; background_color=&#8221;#ed8610&#8243; text_orientation=&#8221;center&#8221; width=&#8221;52%&#8221; width_tablet=&#8221;52%&#8221; width_phone=&#8221;100%&#8221; width_last_edited=&#8221;on|phone&#8221; module_alignment=&#8221;center&#8221; custom_padding=&#8221;10px||12px||false|false&#8221; text_text_shadow_style=&#8221;preset1&#8243; text_text_shadow_color=&#8221;rgba(0,0,0,0.78)&#8221; border_radii=&#8221;on|142px|142px|142px|142px&#8221; locked=&#8221;off&#8221; global_colors_info=&#8221;{}&#8221;]<\/p>\n<p>MEJORA LA SALUD Y LA SOSTENIBILIDAD DEL SUELO<\/p>\n<p>[\/et_pb_text][\/et_pb_column][et_pb_column type=&#8221;1_2&#8243; _builder_version=&#8221;4.27.4&#8243; _module_preset=&#8221;default&#8221; global_colors_info=&#8221;{}&#8221;][et_pb_text _builder_version=&#8221;4.27.4&#8243; _module_preset=&#8221;default&#8221; text_font=&#8221;Lato||on||||||&#8221; text_text_color=&#8221;#FFFFFF&#8221; text_font_size=&#8221;29px&#8221; text_line_height=&#8221;1.2em&#8221; width=&#8221;88%&#8221; custom_padding=&#8221;40px|||||&#8221; text_font_size_tablet=&#8221;29px&#8221; text_font_size_phone=&#8221;29px&#8221; text_font_size_last_edited=&#8221;on|phone&#8221; global_colors_info=&#8221;{}&#8221;]<\/p>\n<p>Fue desarrollado para entregar microbios beneficiosos, Micorrizas y mol\u00e9culas complejas de \u00e1cido h\u00famico juntas en un poderoso producto que es f\u00e1cil de almacenar, manipular y aplicar.<\/p>\n<p>Acelera la conversi\u00f3n de nutrientes del suelo como f\u00f3sforo, nitrato y azufre para un mejor desarrollo y producci\u00f3n de las plantas.<\/p>\n<p>Favorece el crecimiento de la ra\u00edz de los cultivos. Ayuda a mejorar la retenci\u00f3n de agua en el suelo.<br \/>Aumentar la biomasa microbiana y de micorrizas del suelo.<\/p>\n<p>[\/et_pb_text][\/et_pb_column][\/et_pb_row][\/et_pb_section][et_pb_section fb_built=&#8221;1&#8243; _builder_version=&#8221;4.27.4&#8243; _module_preset=&#8221;default&#8221; background_image=&#8221;https:\/\/agbiofusion.com\/wp-content\/uploads\/2024\/12\/Fondoproductos2.png&#8221; background_position=&#8221;bottom_center&#8221; background_vertical_offset=&#8221;13%&#8221; global_colors_info=&#8221;{}&#8221;][et_pb_row _builder_version=&#8221;4.27.4&#8243; _module_preset=&#8221;default&#8221; global_colors_info=&#8221;{}&#8221;][et_pb_column type=&#8221;4_4&#8243; _builder_version=&#8221;4.27.4&#8243; _module_preset=&#8221;default&#8221; global_colors_info=&#8221;{}&#8221;][et_pb_text _builder_version=&#8221;4.27.4&#8243; _module_preset=&#8221;default&#8221; header_font=&#8221;|700|||||||&#8221; header_text_align=&#8221;center&#8221; header_text_color=&#8221;#1e1e1e&#8221; global_colors_info=&#8221;{}&#8221;]<\/p>\n<h1>ELEMENTOS DESTACADOS EN EL PRODUCTO<\/h1>\n<p>[\/et_pb_text][\/et_pb_column][\/et_pb_row][et_pb_row column_structure=&#8221;1_4,1_4,1_4,1_4&#8243; _builder_version=&#8221;4.27.4&#8243; _module_preset=&#8221;default&#8221; width=&#8221;85%&#8221; width_tablet=&#8221;85%&#8221; width_phone=&#8221;80%&#8221; width_last_edited=&#8221;on|phone&#8221; max_width=&#8221;1300px&#8221; global_colors_info=&#8221;{}&#8221;][et_pb_column type=&#8221;1_4&#8243; _builder_version=&#8221;4.27.4&#8243; _module_preset=&#8221;default&#8221; global_colors_info=&#8221;{}&#8221;][et_pb_image src=&#8221;https:\/\/agbiofusion.com\/wp-content\/uploads\/2024\/12\/Acido-humico.png&#8221; _builder_version=&#8221;4.27.4&#8243; _module_preset=&#8221;default&#8221; width=&#8221;60%&#8221; width_tablet=&#8221;60%&#8221; width_phone=&#8221;60%&#8221; width_last_edited=&#8221;on|phone&#8221; module_alignment=&#8221;center&#8221; animation_style=&#8221;fade&#8221; global_colors_info=&#8221;{}&#8221;][\/et_pb_image][et_pb_text _builder_version=&#8221;4.27.4&#8243; _module_preset=&#8221;default&#8221; text_font=&#8221;Lato|300|||||||&#8221; text_text_color=&#8221;#FFFFFF&#8221; text_font_size=&#8221;20px&#8221; background_color=&#8221;#437a38&#8243; text_orientation=&#8221;center&#8221; width=&#8221;90%&#8221; module_alignment=&#8221;center&#8221; custom_margin=&#8221;-22px||13px|||&#8221; custom_padding=&#8221;18px|15px|18px|15px|true|true&#8221; border_radii=&#8221;on|12px|12px|12px|12px&#8221; border_color_all=&#8221;#ff9c00&#8243; locked=&#8221;off&#8221; global_colors_info=&#8221;{}&#8221;]<\/p>\n<p>Incrementa la disponibilidad de los nutrientes y permite el crecimiento exponencial de la poblaci\u00f3n microbiana.<\/p>\n<p>[\/et_pb_text][\/et_pb_column][et_pb_column type=&#8221;1_4&#8243; _builder_version=&#8221;4.27.4&#8243; _module_preset=&#8221;default&#8221; global_colors_info=&#8221;{}&#8221;][et_pb_image src=&#8221;https:\/\/agbiofusion.com\/wp-content\/uploads\/2024\/12\/ALGAS.png&#8221; _builder_version=&#8221;4.27.4&#8243; _module_preset=&#8221;default&#8221; width=&#8221;60%&#8221; width_tablet=&#8221;60%&#8221; width_phone=&#8221;60%&#8221; width_last_edited=&#8221;on|phone&#8221; module_alignment=&#8221;center&#8221; animation_style=&#8221;fade&#8221; locked=&#8221;off&#8221; global_colors_info=&#8221;{}&#8221;][\/et_pb_image][et_pb_text _builder_version=&#8221;4.27.4&#8243; _module_preset=&#8221;default&#8221; text_font=&#8221;Lato|300|||||||&#8221; text_text_color=&#8221;#FFFFFF&#8221; text_font_size=&#8221;20px&#8221; background_color=&#8221;#437a38&#8243; text_orientation=&#8221;center&#8221; width=&#8221;90%&#8221; module_alignment=&#8221;center&#8221; custom_margin=&#8221;-22px||13px|||&#8221; custom_padding=&#8221;18px|15px|18px|15px|true|true&#8221; border_radii=&#8221;on|12px|12px|12px|12px&#8221; border_color_all=&#8221;#ff9c00&#8243; locked=&#8221;off&#8221; global_colors_info=&#8221;{}&#8221;]<\/p>\n<p>Aceleran el crecimiento de las plantas, mejorar la resistencia al estr\u00e9s y las\u00a0 enfermedades.<\/p>\n<p>[\/et_pb_text][\/et_pb_column][et_pb_column type=&#8221;1_4&#8243; _builder_version=&#8221;4.27.4&#8243; _module_preset=&#8221;default&#8221; global_colors_info=&#8221;{}&#8221;][et_pb_image src=&#8221;https:\/\/agbiofusion.com\/wp-content\/uploads\/2024\/12\/MICORRIZAS.png&#8221; _builder_version=&#8221;4.27.4&#8243; _module_preset=&#8221;default&#8221; width=&#8221;60%&#8221; width_tablet=&#8221;60%&#8221; width_phone=&#8221;60%&#8221; width_last_edited=&#8221;on|phone&#8221; module_alignment=&#8221;center&#8221; animation_style=&#8221;fade&#8221; locked=&#8221;off&#8221; global_colors_info=&#8221;{}&#8221;][\/et_pb_image][et_pb_text _builder_version=&#8221;4.27.4&#8243; _module_preset=&#8221;default&#8221; text_font=&#8221;Lato|300|||||||&#8221; text_text_color=&#8221;#FFFFFF&#8221; text_font_size=&#8221;20px&#8221; background_color=&#8221;#437a38&#8243; text_orientation=&#8221;center&#8221; width=&#8221;90%&#8221; module_alignment=&#8221;center&#8221; custom_margin=&#8221;-22px||13px|||&#8221; custom_padding=&#8221;18px|15px|18px|15px|true|true&#8221; border_radii=&#8221;on|12px|12px|12px|12px&#8221; border_color_all=&#8221;#ff9c00&#8243; locked=&#8221;off&#8221; global_colors_info=&#8221;{}&#8221;]<\/p>\n<p>Colonizan el sistema radicular, por fuera y por dentro d\u00e1ndole a la planta mayor capacidad de absorci\u00f3n de agua y nutrientes.<\/p>\n<p>[\/et_pb_text][\/et_pb_column][et_pb_column type=&#8221;1_4&#8243; _builder_version=&#8221;4.27.4&#8243; _module_preset=&#8221;default&#8221; global_colors_info=&#8221;{}&#8221;][et_pb_image src=&#8221;https:\/\/agbiofusion.com\/wp-content\/uploads\/2024\/12\/BACTERIA.png&#8221; _builder_version=&#8221;4.27.4&#8243; _module_preset=&#8221;default&#8221; width=&#8221;60%&#8221; width_tablet=&#8221;60%&#8221; width_phone=&#8221;60%&#8221; width_last_edited=&#8221;on|phone&#8221; module_alignment=&#8221;center&#8221; animation_style=&#8221;fade&#8221; locked=&#8221;off&#8221; global_colors_info=&#8221;{}&#8221;][\/et_pb_image][et_pb_text _builder_version=&#8221;4.27.4&#8243; _module_preset=&#8221;default&#8221; text_font=&#8221;Lato|300|||||||&#8221; text_text_color=&#8221;#FFFFFF&#8221; text_font_size=&#8221;20px&#8221; background_color=&#8221;#437a38&#8243; text_orientation=&#8221;center&#8221; width=&#8221;90%&#8221; module_alignment=&#8221;center&#8221; custom_margin=&#8221;-22px||13px|||&#8221; custom_padding=&#8221;18px|15px|18px|15px|true|true&#8221; border_radii=&#8221;on|12px|12px|12px|12px&#8221; border_color_all=&#8221;#ff9c00&#8243; locked=&#8221;off&#8221; global_colors_info=&#8221;{}&#8221;]<\/p>\n<p>Producen enzimas, metabolitos y biomasa microbiana ben\u00e9fica que ayuda no solo en la mejora de la estructura del suelo si no en una m\u00e1s r\u00e1pida degradaci\u00f3n de la materia org\u00e1nica y la salud de las ra\u00edces.<\/p>\n<p>[\/et_pb_text][\/et_pb_column][\/et_pb_row][et_pb_row _builder_version=&#8221;4.27.4&#8243; _module_preset=&#8221;default&#8221; global_colors_info=&#8221;{}&#8221;][et_pb_column type=&#8221;4_4&#8243; _builder_version=&#8221;4.27.4&#8243; _module_preset=&#8221;default&#8221; global_colors_info=&#8221;{}&#8221;][et_pb_text _builder_version=&#8221;4.27.4&#8243; _module_preset=&#8221;default&#8221; text_text_color=&#8221;#1e1e1e&#8221; text_font_size=&#8221;22px&#8221; text_line_height=&#8221;1.2em&#8221; text_orientation=&#8221;center&#8221; width=&#8221;76%&#8221; width_tablet=&#8221;76%&#8221; width_phone=&#8221;100%&#8221; width_last_edited=&#8221;on|phone&#8221; max_width=&#8221;1400%&#8221; module_alignment=&#8221;center&#8221; custom_margin=&#8221;||50px|||&#8221; global_colors_info=&#8221;{}&#8221;]<\/p>\n<p>Estos microorganismos especializados inmovilizan la materia org\u00e1nica a trav\u00e9s de un proceso enzim\u00e1tico que maximiza la disponibilidad de micronutrientes absorbibles por la planta.<\/p>\n<p>[\/et_pb_text][et_pb_text _builder_version=&#8221;4.27.4&#8243; _module_preset=&#8221;default&#8221; text_font=&#8221;|700|||||||&#8221; text_text_color=&#8221;#1e1e1e&#8221; text_font_size=&#8221;22px&#8221; text_line_height=&#8221;1.2em&#8221; text_orientation=&#8221;center&#8221; width=&#8221;76%&#8221; max_width=&#8221;1400%&#8221; module_alignment=&#8221;center&#8221; global_colors_info=&#8221;{}&#8221;]<\/p>\n<p>DESCARGA TODA LA INFORMACI\u00d3N AQU\u00cd<\/p>\n<p>[\/et_pb_text][et_pb_button button_url=&#8221;https:\/\/agbiofusion.com\/wp-content\/uploads\/2025\/07\/HB-Plus-EspanI_ol-2025.pdf&#8221; button_text=&#8221;Descargar PDF&#8221; button_alignment=&#8221;center&#8221; _builder_version=&#8221;4.27.4&#8243; _module_preset=&#8221;default&#8221; custom_button=&#8221;on&#8221; button_text_color=&#8221;#FFFFFF&#8221; button_bg_color=&#8221;#1375ea&#8221; button_border_width=&#8221;0px&#8221; button_border_radius=&#8221;49px&#8221; button_font=&#8221;Montserrat||on||||||&#8221; animation_style=&#8221;slide&#8221; hover_enabled=&#8221;0&#8243; global_colors_info=&#8221;{}&#8221; sticky_enabled=&#8221;0&#8243;][\/et_pb_button][\/et_pb_column][\/et_pb_row][et_pb_row _builder_version=&#8221;4.27.4&#8243; _module_preset=&#8221;default&#8221; background_color=&#8221;#97c63c&#8221; width=&#8221;100%&#8221; max_width=&#8221;1550px&#8221; custom_padding=&#8221;10px||12px|||&#8221; global_colors_info=&#8221;{}&#8221;][et_pb_column type=&#8221;4_4&#8243; _builder_version=&#8221;4.27.4&#8243; _module_preset=&#8221;default&#8221; global_colors_info=&#8221;{}&#8221;][et_pb_text _builder_version=&#8221;4.27.4&#8243; _module_preset=&#8221;default&#8221; text_font=&#8221;|700|||||||&#8221; text_text_color=&#8221;#1e1e1e&#8221; text_font_size=&#8221;22px&#8221; text_line_height=&#8221;1.2em&#8221; text_orientation=&#8221;center&#8221; width=&#8221;76%&#8221; max_width=&#8221;1400%&#8221; module_alignment=&#8221;center&#8221; custom_margin=&#8221;||21px|||&#8221; locked=&#8221;off&#8221; global_colors_info=&#8221;{}&#8221;]<\/p>\n<p>FUNCIONA PARA:<\/p>\n<p>[\/et_pb_text][et_pb_text _builder_version=&#8221;4.27.4&#8243; _module_preset=&#8221;default&#8221; text_font=&#8221;||||||||&#8221; text_text_color=&#8221;#1e1e1e&#8221; text_font_size=&#8221;22px&#8221; text_line_height=&#8221;1.2em&#8221; text_orientation=&#8221;center&#8221; width=&#8221;76%&#8221; max_width=&#8221;1400%&#8221; module_alignment=&#8221;center&#8221; custom_margin=&#8221;-12px|||||&#8221; locked=&#8221;off&#8221; global_colors_info=&#8221;{}&#8221;]<\/p>\n<p>Manzana, fresa, ma\u00edz, trigo, nuez, granada, uvas<\/p>\n<p>[\/et_pb_text][\/et_pb_column][\/et_pb_row][\/et_pb_section]<\/p>\n","protected":false},"excerpt":{"rendered":"<p>MEJORA LA SALUD Y LA SOSTENIBILIDAD DEL SUELOFue desarrollado para entregar microbios beneficiosos, Micorrizas y mol\u00e9culas complejas de \u00e1cido h\u00famico juntas en un poderoso producto que es f\u00e1cil de almacenar, manipular y aplicar. Acelera la conversi\u00f3n de nutrientes del suelo como f\u00f3sforo, nitrato y azufre para un mejor desarrollo y producci\u00f3n de las plantas. Favorece [&hellip;]<\/p>\n","protected":false},"author":2,"featured_media":0,"parent":0,"menu_order":0,"comment_status":"closed","ping_status":"closed","template":"","meta":{"_et_pb_use_builder":"on","_et_pb_old_content":"","_et_gb_content_width":"","footnotes":""},"class_list":["post-284","page","type-page","status-publish","hentry"],"_links":{"self":[{"href":"https:\/\/agbiofusion.com\/index.php\/wp-json\/wp\/v2\/pages\/284","targetHints":{"allow":["GET"]}}],"collection":[{"href":"https:\/\/agbiofusion.com\/index.php\/wp-json\/wp\/v2\/pages"}],"about":[{"href":"https:\/\/agbiofusion.com\/index.php\/wp-json\/wp\/v2\/types\/page"}],"author":[{"embeddable":true,"href":"https:\/\/agbiofusion.com\/index.php\/wp-json\/wp\/v2\/users\/2"}],"replies":[{"embeddable":true,"href":"https:\/\/agbiofusion.com\/index.php\/wp-json\/wp\/v2\/comments?post=284"}],"version-history":[{"count":34,"href":"https:\/\/agbiofusion.com\/index.php\/wp-json\/wp\/v2\/pages\/284\/revisions"}],"predecessor-version":[{"id":1133,"href":"https:\/\/agbiofusion.com\/index.php\/wp-json\/wp\/v2\/pages\/284\/revisions\/1133"}],"wp:attachment":[{"href":"https:\/\/agbiofusion.com\/index.php\/wp-json\/wp\/v2\/media?parent=284"}],"curies":[{"name":"wp","href":"https:\/\/api.w.org\/{rel}","templated":true}]}}